{"id":2740,"date":"2024-04-20T15:55:30","date_gmt":"2024-04-20T15:55:30","guid":{"rendered":"https:\/\/www.lindamezrova.cz\/?page_id=2740"},"modified":"2024-04-20T16:10:15","modified_gmt":"2024-04-20T16:10:15","slug":"cv","status":"publish","type":"page","link":"https:\/\/www.lindamezrova.cz\/?page_id=2740","title":{"rendered":"Curriculum vitae"},"content":{"rendered":"<div id=\"pl-2740\"  class=\"panel-layout\" ><div id=\"pg-2740-0\"  class=\"panel-grid panel-no-style\" ><div id=\"pgc-2740-0-0\"  class=\"panel-grid-cell\" ><div id=\"panel-2740-0-0-0\" class=\"so-panel widget widget_sow-editor panel-first-child panel-last-child\" data-index=\"0\" ><div\n\t\t\t\n\t\t\tclass=\"so-widget-sow-editor so-widget-sow-editor-base\"\n\t\t\t\n\t\t>\n<div class=\"siteorigin-widget-tinymce textwidget\">\n\t<p>10\/2023 - 4\/2024 projekt <strong>Tanec \u0161kol\u00e1m<\/strong> (metodika pohybu a tance nejen pro \u0161koly)<\/p>\n<hr \/>\n<p>2\/2020 - 7\/2020 <strong>Choreografie a Anal\u00fdza pohybu<\/strong>, Scholastika, Praha (pod veden\u00edm Marie Gourdain a Hany Polansk\u00e9)<\/p>\n<hr \/>\n<p>od 2016 vzd\u011bl\u00e1vac\u00ed semin\u00e1\u0159e <strong>Intuitivn\u00ed pedagogiky<\/strong> (Per Ahlbom, Johann Ahlbom, Dieter Schwarz, apod.)<\/p>\n<hr \/>\n<p>2012 - 2014 <strong>Lektorsk\u00fd kurz<\/strong> (V\u011bdom\u00e9 mate\u0159stv\u00ed a rodi\u010dovstv\u00ed, pr\u00e1ce s t\u011bhotn\u00fdmi a mal\u00fdmi d\u011btmi), Acentrum Praha<\/p>\n<hr \/>\n<p>\u010derven 2008 <strong>Butoh<\/strong>, pohybov\u00fd semin\u00e1\u0159, Ken Mai, Praha<\/p>\n<hr \/>\n<p>2006 - 2008 <strong>Contemporary Arts, Sound and Music<\/strong>, MA, Oxford Brookes University\u00a0 (<strong>Social Sculpture and Performance, Shelley Sacks<\/strong>)<\/p>\n<p>2004 - 2006 <strong>Art History,<\/strong> BA, Oxford Brookes University<\/p>\n<p>2004 - 2006 <strong>Special Study in Contemporary Arts<\/strong>: Transforma\u010dn\u00ed procesy, Richard Layzell (performance)<\/p>\n<p>2003 - 2004 <strong>Contemporary Art in the Gallery,<\/strong> Abigail Reynolds, Oxford University<\/p>\n<p>2002 - 2008 <strong>Contemporary Arts in the Gallery<\/strong>, Abigail Reinolds, worshopy s britsk\u00fdmi um\u011blci, Lond\u00fdn, UK<\/p>\n<p>2002 - 2008 Um\u011bleck\u00e9 kurzy (malba, kresba) Sarah Simblet, Brian Catling, Oxford University, <strong>Ruskin School of Art and Drawing<\/strong><\/p>\n<p>2002 - 2004 <strong>History of Art Certificate<\/strong>, BA Oxford University<\/p>\n<p>&nbsp;<\/p>\n<h3><strong><u>Semin\u00e1\u0159e a projekty:<\/u><\/strong><\/h3>\n<p>2023 sou\u010d\u00e1st\u00ed projektu Nov\u00e9 s\u00edt\u011b \u201c<strong>Bridging the scenes<\/strong>\u201d<\/p>\n<p>10\/2021 - 4\/2022 projekt <strong>Sladovny \u201cVoda, vod\u011bnka<\/strong>\u201d, pohybov\u011b-tane\u010dn\u00ed performance<\/p>\n<p>2018 kur\u00e1torka galerie Sladovna P\u00edsek<\/p>\n<p>od 2019 ka\u017edoro\u010dn\u011b sou\u010d\u00e1st\u00ed reziden\u010dn\u00edho programu v r\u00e1mci p\u00edseck\u00e9ho festivalu <strong>P\u00edskovi\u0161t\u011b<\/strong> (show, site-specific performance)<\/p>\n<p>podzim 2019 - b\u0159ezen 2020 projekt galerie Sladovna, P\u00edsek: <strong>\u201cVoln\u00ed jako pt\u00e1ci\u201d<\/strong> v r\u00e1mci mezin\u00e1rodn\u00edho projektu \u201c<strong>Unprepared Hearts<\/strong>\u201d, divadeln\u011b-tane\u010dn\u00ed performance<\/p>\n<p>2012 - 2016 tren\u00e9rka\u00a0 a pohybov\u00e1 terapeutka (jin <strong>j\u00f3ga<\/strong>, harmoniza\u010dn\u00ed j\u00f3ga)<\/p>\n<p>2002 - 2008 \u010dlen <strong>Tai-Chi<\/strong> society, Oxford, UK<\/p>\n<p>1999 - 2004 \u201cDance, Movement, Voice\u201d spolupr\u00e1ce na tane\u010dn\u011b-pohybov\u00fdch workshopech, Praha-Brighton (UK)<\/p>\n<p>1994 n\u011bkolik designov\u00fdch po\u010din\u016f spojen\u00fdch se zvukovou a pohybovou performanc\u00ed (street art) a v prostor\u00e1ch pra\u017esk\u00fdch klub\u016f<\/p>\n<p>&nbsp;<\/p>\n<h3><strong><u>V\u00fdstavy a performance<\/u><\/strong><\/h3>\n<p>2024 performerka na festivalu <strong>Ji\u017en\u00ed Sv\u00e9r\u00e1z<\/strong>, \u010cesk\u00e9 Bud\u011bjovice<\/p>\n<p>2024 performerka <strong>Hn\u00edzdo Ilustrace<\/strong>, <strong>Laborato\u0159 N\u00e1pad<\/strong>, Sladovna P\u00edsek<\/p>\n<p>2019 performerka v r\u00e1mci festivalu <strong>P\u00edskovi\u0161t\u011b<\/strong>, Sladovna P\u00edsek<\/p>\n<p>2021 - 2022 performerka\/tane\u010dnice v projektu <em>\u201c<\/em><strong><em>Voda, vod\u011bnka<\/em><\/strong><em>\u201d,<\/em> Sladovna P\u00edsek<\/p>\n<p>2018 - 2019 performerka\/tane\u010dnice v projektu \u201c<em><strong>Voln\u00ed jako pt\u00e1ci<\/strong>\u201d, <\/em>Sladovna P\u00edsek<\/p>\n<p>2008 <em>\u201c<\/em><strong><em>V\u0161echno m\u00e1 sv\u016fj \u010das<\/em><\/strong><em>\u201d, <\/em>performance, galerie FUTURA, Praha<\/p>\n<p>&nbsp;<\/p>\n<p>&nbsp;<\/p>\n<\/div>\n<\/div><\/div><\/div><\/div><\/div>","protected":false},"excerpt":{"rendered":"<p>10\/2023 &#8211; 4\/2024 projekt Tanec \u0161kol\u00e1m (metodika pohybu a tance nejen pro \u0161koly) 2\/2020 &#8211; 7\/2020 Choreografie a Anal\u00fdza pohybu, Scholastika, Praha (pod veden\u00edm Marie Gourdain a Hany Polansk\u00e9) od 2016 vzd\u011bl\u00e1vac\u00ed semin\u00e1\u0159e Intuitivn\u00ed pedagogiky (Per Ahlbom, Johann Ahlbom, Dieter Schwarz, apod.) 2012 &#8211; 2014 Lektorsk\u00fd kurz (V\u011bdom\u00e9 mate\u0159stv\u00ed a rodi\u010dovstv\u00ed, pr\u00e1ce s t\u011bhotn\u00fdmi a&hellip;<\/p>\n","protected":false},"author":1,"featured_media":0,"parent":0,"menu_order":0,"comment_status":"closed","ping_status":"closed","template":"","meta":{"_acf_changed":false,"footnotes":""},"class_list":["post-2740","page","type-page","status-publish","hentry","description-off"],"acf":[],"_links":{"self":[{"href":"https:\/\/www.lindamezrova.cz\/index.php?rest_route=\/wp\/v2\/pages\/2740","targetHints":{"allow":["GET"]}}],"collection":[{"href":"https:\/\/www.lindamezrova.cz\/index.php?rest_route=\/wp\/v2\/pages"}],"about":[{"href":"https:\/\/www.lindamezrova.cz\/index.php?rest_route=\/wp\/v2\/types\/page"}],"author":[{"embeddable":true,"href":"https:\/\/www.lindamezrova.cz\/index.php?rest_route=\/wp\/v2\/users\/1"}],"replies":[{"embeddable":true,"href":"https:\/\/www.lindamezrova.cz\/index.php?rest_route=%2Fwp%2Fv2%2Fcomments&post=2740"}],"version-history":[{"count":9,"href":"https:\/\/www.lindamezrova.cz\/index.php?rest_route=\/wp\/v2\/pages\/2740\/revisions"}],"predecessor-version":[{"id":2742,"href":"https:\/\/www.lindamezrova.cz\/index.php?rest_route=\/wp\/v2\/pages\/2740\/revisions\/2742"}],"wp:attachment":[{"href":"https:\/\/www.lindamezrova.cz\/index.php?rest_route=%2Fwp%2Fv2%2Fmedia&parent=2740"}],"curies":[{"name":"wp","href":"https:\/\/api.w.org\/{rel}","templated":true}]}}