{"id":45,"date":"2024-02-19T15:44:35","date_gmt":"2024-02-19T15:44:35","guid":{"rendered":"https:\/\/www.lindamezrova.cz\/?page_id=45"},"modified":"2025-02-13T09:30:26","modified_gmt":"2025-02-13T09:30:26","slug":"o-me","status":"publish","type":"page","link":"https:\/\/www.lindamezrova.cz\/?page_id=45","title":{"rendered":"Odkud p\u0159ich\u00e1z\u00edm"},"content":{"rendered":"<div id=\"pl-45\"  class=\"panel-layout\" ><div id=\"pg-45-0\"  class=\"panel-grid panel-has-style\" ><div class=\"siteorigin-panels-stretch panel-row-style panel-row-style-for-45-0\" data-stretch-type=\"full-width-stretch\" ><div id=\"pgc-45-0-0\"  class=\"panel-grid-cell\" ><div id=\"panel-45-0-0-0\" class=\"so-panel widget widget_sow-hero panel-first-child panel-last-child\" data-index=\"0\" ><div\n\t\t\t\n\t\t\tclass=\"so-widget-sow-hero so-widget-sow-hero-default-bfff874009b6-45 so-widget-fittext-wrapper\"\n\t\t\t data-fit-text-compressor=\"0.85\"\n\t\t>\t\t\t\t<div class=\"sow-slider-base\" style=\"display: none\" tabindex=\"0\">\n\t\t\t\t\t<ul\n\t\t\t\t\tclass=\"sow-slider-images\"\n\t\t\t\t\tdata-settings=\"{&quot;pagination&quot;:true,&quot;speed&quot;:800,&quot;timeout&quot;:8000,&quot;paused&quot;:false,&quot;pause_on_hover&quot;:false,&quot;swipe&quot;:true,&quot;nav_always_show_desktop&quot;:&quot;&quot;,&quot;nav_always_show_mobile&quot;:&quot;&quot;,&quot;breakpoint&quot;:&quot;780px&quot;,&quot;unmute&quot;:false,&quot;anchor&quot;:null}\"\n\t\t\t\t\tstyle=\"min-height: 455px\"\t\t\t\t\tdata-anchor-id=\"\"\n\t\t\t\t>\t\t<li class=\"sow-slider-image  sow-slider-image-cover\" style=\"visibility: visible;;background-color: #ffffff\" >\n\t\t\t\t\t<div class=\"sow-slider-image-container\">\n\t\t\t<div class=\"sow-slider-image-wrapper\">\n\t\t\t\t<h1><\/h1>\n<h1><\/h1>\n<h1><\/h1>\n<h1><\/h1>\n<h1 style=\"text-align: left\"><\/h1>\n\t\t\t<\/div>\n\t\t<\/div>\n\t\t<div class=\"sow-slider-image-overlay sow-slider-image-cover\" style=\"opacity: 0.89;background-image: url(https:\/\/www.lindamezrova.cz\/wp-content\/uploads\/2024\/03\/DSC_0084-scaled.jpg)\"  ><\/div>\t\t<\/li>\n\t\t<\/ul>\t\t\t\t<ol class=\"sow-slider-pagination\">\n\t\t\t\t\t\t\t\t\t\t\t<li><a href=\"#\" data-goto=\"0\" aria-label=\"display slide 1\"><\/a><\/li>\n\t\t\t\t\t\t\t\t\t<\/ol>\n\n\t\t\t\t<div class=\"sow-slide-nav sow-slide-nav-next\">\n\t\t\t\t\t<a href=\"#\" data-goto=\"next\" aria-label=\"next slide\" data-action=\"next\">\n\t\t\t\t\t\t<em class=\"sow-sld-icon-thin-right\"><\/em>\n\t\t\t\t\t<\/a>\n\t\t\t\t<\/div>\n\n\t\t\t\t<div class=\"sow-slide-nav sow-slide-nav-prev\">\n\t\t\t\t\t<a href=\"#\" data-goto=\"previous\" aria-label=\"previous slide\" data-action=\"prev\">\n\t\t\t\t\t\t<em class=\"sow-sld-icon-thin-left\"><\/em>\n\t\t\t\t\t<\/a>\n\t\t\t\t<\/div>\n\t\t\t\t<\/div><\/div><\/div><\/div><\/div><\/div><div id=\"pg-45-1\"  class=\"panel-grid panel-no-style\" ><div id=\"pgc-45-1-0\"  class=\"panel-grid-cell panel-grid-cell-empty\" ><\/div><\/div><div id=\"pg-45-2\"  class=\"panel-grid panel-no-style\" ><div id=\"pgc-45-2-0\"  class=\"panel-grid-cell\" ><div id=\"panel-45-2-0-0\" class=\"so-panel widget widget_sow-editor panel-first-child panel-last-child\" data-index=\"1\" ><div\n\t\t\t\n\t\t\tclass=\"so-widget-sow-editor so-widget-sow-editor-base\"\n\t\t\t\n\t\t>\n<div class=\"siteorigin-widget-tinymce textwidget\">\n\t<h4><strong>Pohybov\u00e9 curriculum<\/strong><\/h4>\n<p>Od \u0161esti let jsem d\u011blala akrobacii u <em>Franka Towena<\/em> (Franti\u0161ka Novotn\u00e9ho), od dev\u00edti let <em>j\u00f3gu<\/em>, kter\u00e1 mne prov\u00e1zela po v\u011bt\u0161inu \u017eivota. Divadeln\u00ed pr\u016fpravu jsem pak v\u00a0pr\u016fb\u011bhu z\u00e1kladn\u00ed \u0161koly nabrala u <em>V\u00e1clava Kotvy<\/em>. Tanec prob\u011bhl kolem v\u00a0kr\u00e1tk\u00e9m \u010dase v\u00a0tane\u010dn\u00ed skupin\u011b <em>Shock<\/em>. N\u011bkolik let po ukon\u010den\u00ed st\u0159edn\u00ed \u0161koly jsem se v\u011bnovala spolu s\u00a0j\u00f3gou i <em>Alexandrov\u011b technice<\/em>, <em>Feldenkraisov\u011b metod\u011b<\/em>, tanci <em>P\u011bti rytm\u016f<\/em> a spolupo\u0159\u00e1d\u00e1n\u00ed pohybov\u00fdch semin\u00e1\u0159\u016f. Svoje studijn\u00ed l\u00e9ta ve Velk\u00e9 Brit\u00e1nii jsem zam\u011b\u0159ila na pr\u00e1ci s\u00a0prostorem, zvukem a t\u011blem v\u00a0r\u00e1mci magistersk\u00e9ho studia <em>Contemporary Art, Sound and Music<\/em>, kde jsem se zam\u011b\u0159ila na vyjad\u0159ovac\u00ed prost\u0159edek performance. V\u00a0pr\u016fb\u011bhu let po n\u00e1vratu z\u00a0VB jsem se v\u011bnovala dal\u0161\u00edmu pohybov\u00e9mu vzd\u011bl\u00e1v\u00e1n\u00ed a performov\u00e1n\u00ed.<\/p>\n<p>&nbsp;<\/p>\n<p>D\u00edky d\u011btem jsem objevila <em>Intuitivn\u00ed pedagogiku<\/em> a s n\u00ed spojen\u00e9 intuitivn\u00ed hry, jemn\u00fd zp\u016fsob, jak zapojit t\u011blo do hry a o\u0161\u00e1lit neust\u00e1le kritizuj\u00edc\u00ed a evaluj\u00edc\u00ed mozek \ud83d\ude0a\u00a0 a dovolit si hr\u00e1t s dosp\u011bl\u00fdmi hry, ve kter\u00fdch nen\u00ed v\u00edt\u011bze ani pora\u017een\u00e9ho. Navr\u00e1tila jsem se k j\u00f3ze, lektorsk\u00fdm kurz\u016fm j\u00f3gy pro t\u011bhotn\u00e9 a mal\u00e9 d\u011bti a po n\u011bkolik let jsem vedla kurzy <em>Jin j\u00f3gy<\/em> pro dosp\u011bl\u00e9.<\/p>\n<p>V\u00a0n\u00e1sleduj\u00edc\u00edch letech jsem si sv\u00e9 zku\u0161enosti ov\u011b\u0159ovala a prohlubovala v\u00a0osobn\u00ed praxi. P\u0159ijala jsem v\u00fdzvu <em>Sladovny P\u00edsek<\/em> k\u00a0participaci na projektu <em>Terezy Dobi\u00e1\u0161ov\u00e9<\/em> <em>Voln\u00ed jako pt\u00e1ci<\/em>, kde jsem znovu objevila svou velkou \u017eivotn\u00ed touhu \u2013 tanec. <em>Hana Polansk\u00e1 Ture\u010dkov\u00e1 a Marie Gourdain<\/em> v\u00a0semin\u00e1\u0159i <em>Choreografick\u00e1 kompozice a anal\u00fdza pohybu<\/em> mi umo\u017enily proniknout jak do teorie, tak i praxe tane\u010dn\u00edch technik zejm\u00e9na v\u0161ak <em>Labanovy anal\u00fdzy pohybu (Rudolf Laban<\/em>) a <em>Body-Mind Centering (Bonnie Bainbridge Cohen<\/em>), kter\u00e1 z\u00e1sadn\u011b ovlivnila moje vn\u00edm\u00e1n\u00ed t\u011bla, pohybu a prostoru<em>.<\/em> Krom toho nav\u0161t\u011bvuji workshopy konkr\u00e9tn\u00edch osobnost\u00ed sou\u010dasn\u00e9ho tance a kontextu <em>well-beingu a sou\u010dasn\u00fdch tane\u010dn\u00edch technik<\/em> (Li Kehua, Javier Cura, David Zambran, Fighting Monkey Practice, Countertechnique, pohybov\u00e1 \u0159e\u010d Gaga\u2026)<\/p>\n<p>V\u00a0sou\u010dasnosti jsem sou\u010d\u00e1st\u00ed projektu <em>Tanec \u0161kol\u00e1m<\/em>, respektive kurzu pro tane\u010dn\u00ed profesion\u00e1ln\u00ed um\u011blce zam\u011b\u0159en\u00e9 na rozvoj metodick\u00fdch kompetenc\u00ed pro v\u00fduku Tane\u010dn\u00ed a pohybov\u00e9 v\u00fduky na z\u00e1kladn\u00edch \u0161kol\u00e1ch.<\/p>\n<p>&nbsp;<\/p>\n<\/div>\n<\/div><\/div><\/div><\/div><div id=\"pg-45-3\"  class=\"panel-grid panel-has-style\" ><div class=\"panel-row-style panel-row-style-for-45-3\" ><div id=\"pgc-45-3-0\"  class=\"panel-grid-cell\" ><div id=\"panel-45-3-0-0\" class=\"so-panel widget widget_sow-button panel-first-child panel-last-child\" data-index=\"2\" ><div class=\"panel-widget-style panel-widget-style-for-45-3-0-0\" ><div\n\t\t\t\n\t\t\tclass=\"so-widget-sow-button so-widget-sow-button-flat-c90c0a8e588d-45\"\n\t\t\t\n\t\t><div class=\"ow-button-base ow-button-align-center\">\n\t<a\n\thref=\"https:\/\/www.lindamezrova.cz\/?page_id=2740\"\n\t\tclass=\"ow-icon-placement-left ow-button-hover\" \t>\n\t\t<span>\n\t\t\t\n\t\t\tCV\t\t<\/span>\n\t<\/a>\n<\/div>\n<\/div><\/div><\/div><\/div><\/div><\/div><\/div>","protected":false},"excerpt":{"rendered":"<p>Pohybov\u00e9 curriculum Od \u0161esti let jsem d\u011blala akrobacii u Franka Towena (Franti\u0161ka Novotn\u00e9ho), od dev\u00edti let j\u00f3gu, kter\u00e1 mne prov\u00e1zela po v\u011bt\u0161inu \u017eivota. Divadeln\u00ed pr\u016fpravu jsem pak v\u00a0pr\u016fb\u011bhu z\u00e1kladn\u00ed \u0161koly nabrala u V\u00e1clava Kotvy. Tanec prob\u011bhl kolem v\u00a0kr\u00e1tk\u00e9m \u010dase v\u00a0tane\u010dn\u00ed skupin\u011b Shock. N\u011bkolik let po ukon\u010den\u00ed st\u0159edn\u00ed \u0161koly jsem se v\u011bnovala spolu s\u00a0j\u00f3gou i Alexandrov\u011b&hellip;<\/p>\n","protected":false},"author":1,"featured_media":0,"parent":0,"menu_order":0,"comment_status":"closed","ping_status":"closed","template":"","meta":{"_acf_changed":false,"footnotes":""},"class_list":["post-45","page","type-page","status-publish","hentry","description-off"],"acf":[],"_links":{"self":[{"href":"https:\/\/www.lindamezrova.cz\/index.php?rest_route=\/wp\/v2\/pages\/45","targetHints":{"allow":["GET"]}}],"collection":[{"href":"https:\/\/www.lindamezrova.cz\/index.php?rest_route=\/wp\/v2\/pages"}],"about":[{"href":"https:\/\/www.lindamezrova.cz\/index.php?rest_route=\/wp\/v2\/types\/page"}],"author":[{"embeddable":true,"href":"https:\/\/www.lindamezrova.cz\/index.php?rest_route=\/wp\/v2\/users\/1"}],"replies":[{"embeddable":true,"href":"https:\/\/www.lindamezrova.cz\/index.php?rest_route=%2Fwp%2Fv2%2Fcomments&post=45"}],"version-history":[{"count":72,"href":"https:\/\/www.lindamezrova.cz\/index.php?rest_route=\/wp\/v2\/pages\/45\/revisions"}],"predecessor-version":[{"id":2776,"href":"https:\/\/www.lindamezrova.cz\/index.php?rest_route=\/wp\/v2\/pages\/45\/revisions\/2776"}],"wp:attachment":[{"href":"https:\/\/www.lindamezrova.cz\/index.php?rest_route=%2Fwp%2Fv2%2Fmedia&parent=45"}],"curies":[{"name":"wp","href":"https:\/\/api.w.org\/{rel}","templated":true}]}}