{"id":58,"date":"2024-02-19T16:38:44","date_gmt":"2024-02-19T16:38:44","guid":{"rendered":"https:\/\/www.lindamezrova.cz\/?page_id=58"},"modified":"2025-02-13T13:05:32","modified_gmt":"2025-02-13T13:05:32","slug":"domu","status":"publish","type":"page","link":"https:\/\/www.lindamezrova.cz\/","title":{"rendered":"Dom\u016f"},"content":{"rendered":"<div id=\"pl-58\"  class=\"panel-layout\" ><div id=\"pg-58-0\"  class=\"panel-grid panel-no-style\" ><div id=\"pgc-58-0-0\"  class=\"panel-grid-cell\" ><div id=\"panel-58-0-0-0\" class=\"so-panel widget widget_sow-editor panel-first-child panel-last-child\" data-index=\"0\" ><div\n\t\t\t\n\t\t\tclass=\"so-widget-sow-editor so-widget-sow-editor-base\"\n\t\t\t\n\t\t>\n<div class=\"siteorigin-widget-tinymce textwidget\">\n\t<p style=\"text-align: left;\">Linda Hampl Mezrov\u00e1 vystudovala obor Performance &amp; Social Sculpture (MA) a Historii um\u011bn\u00ed (BA) na dvou presti\u017en\u00edch univerzit\u00e1ch v Oxfordu. Jako performerka-tane\u010dnice se pod\u00edlela na pohybov\u011b-tane\u010dn\u00edch projektech p\u00edseck\u00e9 Sladovny a v minul\u00e9m roce i festivalu Ji\u017en\u00ed Sv\u00e9r\u00e1z v \u010cesk\u00fdch Bud\u011bjovic\u00edch. Do lo\u0148sk\u00e9ho roku ve Sladovn\u011b p\u016fsobila i jako kur\u00e1torka sou\u010dasn\u00e9ho um\u011bn\u00ed.<\/p>\n<\/div>\n<\/div><\/div><\/div><div id=\"pgc-58-0-1\"  class=\"panel-grid-cell\" ><div id=\"panel-58-0-1-0\" class=\"so-panel widget widget_sow-editor panel-first-child panel-last-child\" data-index=\"1\" ><div\n\t\t\t\n\t\t\tclass=\"so-widget-sow-editor so-widget-sow-editor-base\"\n\t\t\t\n\t\t>\n<div class=\"siteorigin-widget-tinymce textwidget\">\n\t<p style=\"text-align: left;\">V r\u00e1mci neust\u00e1l\u00e9 chuti se u\u010dit absolvovala kurz Choreografie a anal\u00fdza pohybu pod veden\u00edm Hany Polansk\u00e9 a Marie Gourdain, Tanec \u0161kol\u00e1m v r\u00e1mci projektu Studia Alt\u00edk pod veden\u00edm Mark\u00e9ty Pucov\u00e9 a neust\u00e1le nav\u0161t\u011bvuje workshopy a semin\u00e1\u0159e sou\u010dasn\u00e9ho tance na pra\u017esk\u00fdch konzervato\u0159\u00edch a pod veden\u00edm \u010desk\u00fdch i zahrani\u010dn\u00edch um\u011blc\u016f.<\/p>\n<\/div>\n<\/div><\/div><\/div><div id=\"pgc-58-0-2\"  class=\"panel-grid-cell\" ><div id=\"panel-58-0-2-0\" class=\"so-panel widget widget_sow-editor panel-first-child panel-last-child\" data-index=\"2\" ><div\n\t\t\t\n\t\t\tclass=\"so-widget-sow-editor so-widget-sow-editor-base\"\n\t\t\t\n\t\t>\n<div class=\"siteorigin-widget-tinymce textwidget\">\n\t<p style=\"text-align: left;\">V sou\u010dasn\u00e9 dob\u011b je sou\u010d\u00e1st\u00ed projektu \u010cesk\u00e9 Bud\u011bjovice 2028 Evropsk\u00e9 hlavn\u00ed m\u011bsto kultury \u2013 projekt Kreativn\u00ed mysl \u2013 Um\u011blci do \u0161kol. U\u010d\u00ed tane\u010dn\u011b pohybovou v\u00fdchovu ve \u0161kol\u00e1ch, na festivalech, pro d\u011bti i dosp\u011bl\u00e9 v r\u00e1mci Ji\u017en\u00edch \u010cech a Prahy.<\/p>\n<p><span style=\"color: #000000;\"><a style=\"color: #000000;\" href=\"https:\/\/www.lindamezrova.cz\/?page_id=45\"><em><strong>\u010cti v\u00edce..<\/strong><\/em><\/a><em><strong>.<\/strong><\/em><\/span><\/p>\n<\/div>\n<\/div><\/div><\/div><\/div><div id=\"pg-58-1\"  class=\"panel-grid panel-has-style\" ><div class=\"siteorigin-panels-stretch panel-row-style panel-row-style-for-58-1\" data-stretch-type=\"full-width-stretch\" ><div id=\"pgc-58-1-0\"  class=\"panel-grid-cell\" ><div id=\"panel-58-1-0-0\" class=\"so-panel widget widget_sow-hero panel-first-child panel-last-child\" data-index=\"3\" ><div class=\"panel-widget-style panel-widget-style-for-58-1-0-0\" ><div\n\t\t\t\n\t\t\tclass=\"so-widget-sow-hero so-widget-sow-hero-default-8d59f12b0ee0-58 so-widget-fittext-wrapper\"\n\t\t\t data-fit-text-compressor=\"0.85\"\n\t\t>\t\t\t\t<div class=\"sow-slider-base\" style=\"display: none\" tabindex=\"0\">\n\t\t\t\t\t<ul\n\t\t\t\t\tclass=\"sow-slider-images\"\n\t\t\t\t\tdata-settings=\"{&quot;pagination&quot;:true,&quot;speed&quot;:800,&quot;timeout&quot;:8000,&quot;paused&quot;:false,&quot;pause_on_hover&quot;:false,&quot;swipe&quot;:true,&quot;nav_always_show_desktop&quot;:&quot;&quot;,&quot;nav_always_show_mobile&quot;:&quot;&quot;,&quot;breakpoint&quot;:&quot;780px&quot;,&quot;unmute&quot;:false,&quot;anchor&quot;:null}\"\n\t\t\t\t\tstyle=\"min-height: 860px\"\t\t\t\t\tdata-anchor-id=\"\"\n\t\t\t\t>\t\t<li class=\"sow-slider-image  sow-slider-image-cover\" style=\"visibility: visible;;background-color: #333333\" >\n\t\t\t\t\t<div class=\"sow-slider-image-container\">\n\t\t\t<div class=\"sow-slider-image-wrapper\">\n\t\t\t\t<h1 style=\"text-align: left\">\"Ka\u017ed\u00fd krok je pokrok.\"<\/h1>\n<p style=\"text-align: left\"><span style=\"color: #000000\">\u00a0 \u00a0 \u00a0 \u00a0 \u00a0 \u00a0 \u00a0 \u00a0 \u00a0 \u00a0 \u00a0 \u00a0 \u00a0 \u00a0 \u00a0 \u00a0 \u00a0 \u00a0 <span style=\"color: #ffffff\">\u00a0 \u00a0 \u00a0<span style=\"color: #000000\">\u00a0 \u00a0 \u00a0 \u00a0 \u00a0 \u00a0 \u00a0 \u00a0 \u00a0 \u00a0 \u00a0 \u00a0 \u00a0 \u00a0 \u00a0<span style=\"color: #ffffff\"> \u00a0 \u00a0\u00a0 \u00a0 \u00a0 \u00a0 \u00a0 \u00a0 Linda Hampl Mezrov\u00e1<\/span><\/span><\/span><\/span><\/p>\n<p><span style=\"color: #000000\"><div class=\"sow-hero-buttons\" ><div\n\t\t\t\n\t\t\tclass=\"so-widget-sow-button so-widget-sow-button-wire-3748c2a39337\"\n\t\t\t\n\t\t><div class=\"ow-button-base ow-button-align-center\">\n\t<a\n\thref=\"https:\/\/www.lindamezrova.cz\/?page_id=45\"\n\t\tclass=\"ow-icon-placement-left ow-button-hover\" \t>\n\t\t<span>\n\t\t\t\n\t\t\tOdkud p\u0159ich\u00e1z\u00edm\t\t<\/span>\n\t<\/a>\n<\/div>\n<\/div><\/div><\/span><\/p>\n<p>&nbsp;<\/p>\n<p>&nbsp;<\/p>\n\t\t\t<\/div>\n\t\t<\/div>\n\t\t<div class=\"sow-slider-image-overlay sow-slider-image-cover\" style=\"opacity: 0.5;background-image: url(https:\/\/www.lindamezrova.cz\/wp-content\/uploads\/2024\/03\/DSC_0554-1-scaled.jpg)\"  ><\/div>\t\t<\/li>\n\t\t<\/ul>\t\t\t\t<ol class=\"sow-slider-pagination\">\n\t\t\t\t\t\t\t\t\t\t\t<li><a href=\"#\" data-goto=\"0\" aria-label=\"display slide 1\"><\/a><\/li>\n\t\t\t\t\t\t\t\t\t<\/ol>\n\n\t\t\t\t<div class=\"sow-slide-nav sow-slide-nav-next\">\n\t\t\t\t\t<a href=\"#\" data-goto=\"next\" aria-label=\"next slide\" data-action=\"next\">\n\t\t\t\t\t\t<em class=\"sow-sld-icon-thin-right\"><\/em>\n\t\t\t\t\t<\/a>\n\t\t\t\t<\/div>\n\n\t\t\t\t<div class=\"sow-slide-nav sow-slide-nav-prev\">\n\t\t\t\t\t<a href=\"#\" data-goto=\"previous\" aria-label=\"previous slide\" data-action=\"prev\">\n\t\t\t\t\t\t<em class=\"sow-sld-icon-thin-left\"><\/em>\n\t\t\t\t\t<\/a>\n\t\t\t\t<\/div>\n\t\t\t\t<\/div><\/div><\/div><\/div><\/div><\/div><\/div><div id=\"pg-58-2\"  class=\"panel-grid panel-no-style\" ><div id=\"pgc-58-2-0\"  class=\"panel-grid-cell\" ><div id=\"panel-58-2-0-0\" class=\"so-panel widget widget_sow-editor panel-first-child panel-last-child\" data-index=\"4\" ><div class=\"panel-widget-style panel-widget-style-for-58-2-0-0\" ><div\n\t\t\t\n\t\t\tclass=\"so-widget-sow-editor so-widget-sow-editor-base\"\n\t\t\t\n\t\t>\n<div class=\"siteorigin-widget-tinymce textwidget\">\n\t<h4><em>\u201eTanec je pro mne hra, kter\u00e1 si sama ur\u010duje pravidla, podle toho, jak\u00e9 m\u00e1 m\u00e9 t\u011blo unik\u00e1tn\u00ed p\u0159ednosti.\u201c<\/em><\/h4>\n<p>&nbsp;<\/p>\n<p>Str\u00e1nky, co pr\u00e1v\u011b \u010dtete, otev\u00edraj\u00ed\u00a0celou knihu mo\u017enost\u00ed, kter\u00e9 jako lid\u00e9 m\u00e1me. Jednou z nich je t\u011blo. T\u011blo je mo\u017enost, kter\u00e1 se d\u00edky pohybu m\u016f\u017ee st\u00e1t dovednost\u00ed. Tyto str\u00e1nky maj\u00ed slou\u017eit jako \u00favod do pr\u00e1ce jedn\u00e9 um\u011blkyn\u011b, kter\u00e1 m\u016f\u017ee b\u00fdt na cest\u011b k Va\u0161emu t\u011blu pr\u016fvodcem.<\/p>\n<p>&nbsp;<\/p>\n<h4>Co pro mne znamen\u00e1 tanec?<\/h4>\n<p>Je to osvojen\u00ed si vlastn\u00ed techniky pohybu v\u00a0ka\u017edodenn\u00ed praxi.\u00a0 Vlastn\u011b bych to nazvala protan\u010den\u00ed se \u017eivotem. Kdy\u017e jsem - p\u0159ed p\u00e1r lety, rozl\u00edtan\u00e1 a unaven\u00e1, z\u00a0d\u011bt\u00ed, psychick\u00e9 i fyzick\u00e9 n\u00e1lo\u017ee, kterou p\u0159in\u00e1\u0161\u00ed m\u016fj \u017eivot na statku \u2013 pochopila, \u017ee jsou dny, kdy moje t\u011blo \u201ejede na automat\u201c a jakmile za\u010dnu tan\u010dit, nebo prov\u00e1d\u011bt n\u011bjakou \u010dinnost a propojovat ji s\u00a0technikami, kter\u00e9 (se) za ta l\u00e9ta u\u010d\u00edm, ale vlastn\u011b po\u0159\u00e1d od b\u011b\u017en\u00e9ho pohybu odpojuju \u2013 <em>tohle je tanec a tohle prost\u011b mus\u00edm ud\u011blat<\/em>\u2026 kdy\u017e tanec zapoj\u00edm do ka\u017edodennosti, kdy\u017e j\u00edm protknu ka\u017ed\u00fd pohyb, c\u00edt\u00edm se leh\u010d\u00ed, m\u00e1m v\u00edc zapojen\u00e9 cel\u00e9 t\u011blo, zpev\u0148uji svaly okolo kost\u00ed a neztr\u00e1c\u00edm energii. Ten \u201em\u016fj\u201c zp\u016fsob tance\/pohybu mi umo\u017e\u0148uje se h\u00fdbat s\u00a0lehkost\u00ed jak t\u011bla, tak mysli.<\/p>\n<p>&nbsp;<\/p>\n<h4>Co chci?<\/h4>\n<p>Protan\u010dit se \u017eivotem. Nab\u00eddnout mo\u017enost, jak jinak pracovat s\u00a0t\u011blem, otev\u0159\u00edt dialog o tom, k\u00a0\u010demu v\u0161emu pot\u0159ebujeme t\u011blo. Poz\u00edvat do prostoru, kde se m\u016f\u017ee zkou\u0161et a hledat, kde pohyb ka\u017ed\u00e9ho z\u00a0n\u00e1s za\u010d\u00edn\u00e1 a kde kon\u010d\u00ed a jak ho prov\u00e1zat a p\u0159in\u00e9st do ka\u017edodenn\u00edho \u017eivota. Opakovan\u011b nal\u00e9zat rovinu a balanc, propojenost a prov\u00e1zanost t\u011bla a mysli. Neexistuje jedna technika, kter\u00e1 ovl\u00e1dne jedno t\u011blo, jsou r\u016fzn\u00e9 zp\u016fsoby a r\u016fzn\u00e1 t\u011bla, r\u016fzn\u00e9 rytmy a r\u016fzn\u00e9 \u017eivotn\u00ed situace a na\u0161e t\u011bla na n\u011b reaguj\u00ed. Hledat, co pr\u00e1v\u011b to na\u0161e t\u011blo pot\u0159ebuje, aby se dostalo, kam ho to t\u00e1hne. Sd\u00edlet kvality jak \u017eivota, tak pohybu. Vytvo\u0159it funk\u010dn\u00ed skupinu t\u011bch, kte\u0159\u00ed cht\u011bj\u00ed v\u00a0sob\u011b probudit s\u00edlu pozn\u00e1n\u00ed vlastn\u00edho pohybu, sv\u00fdch limit\u016f a sv\u00fdch p\u0159ednost\u00ed. Nab\u00edz\u00edm mo\u017enosti a n\u00e1stroje, kter\u00e9 si m\u016f\u017eete vz\u00edt s\u00a0sebou kamkoliv a kdykoliv je pou\u017e\u00edt, aby (nejen) V\u00e1\u0161 pohyb byl lehk\u00fd a plynul\u00fd.<\/p>\n<p>&nbsp;<\/p>\n<p>Hled\u00e1m zp\u016fsoby a formy, jak tanec p\u0159en\u00e9st i do prost\u0159ed\u00ed \u0161kol, kde si ho mohou vyzkou\u0161et i studenti a d\u011bti, kter\u00e9 by se jinak k\u00a0tomuto druhu pohybu nikdy nedostali a spole\u010dn\u011b naj\u00edt zp\u016fsoby, jak se nau\u010dit pracovat s\u00a0nap\u011bt\u00edm a stresem. P\u0159en\u00e9st do \u017eivota radost a lehkost pohybu, skrz kter\u00fd m\u016f\u017eeme uvol\u0148ovat mysl a b\u00fdt st\u00e1le vynal\u00e9zav\u00ed a hrav\u00ed.<\/p>\n<\/div>\n<\/div><\/div><\/div><\/div><\/div><div id=\"pg-58-3\"  class=\"panel-grid panel-no-style\" ><div id=\"pgc-58-3-0\"  class=\"panel-grid-cell\" ><div id=\"panel-58-3-0-0\" class=\"so-panel widget widget_sow-hero panel-first-child\" data-index=\"5\" ><div\n\t\t\t\n\t\t\tclass=\"so-widget-sow-hero so-widget-sow-hero-default-ecf2bbc39b69-58 so-widget-fittext-wrapper\"\n\t\t\t data-fit-text-compressor=\"0.85\"\n\t\t>\t\t\t\t<div class=\"sow-slider-base\" style=\"display: none\" tabindex=\"0\">\n\t\t\t\t\t<ul\n\t\t\t\t\tclass=\"sow-slider-images\"\n\t\t\t\t\tdata-settings=\"{&quot;pagination&quot;:true,&quot;speed&quot;:800,&quot;timeout&quot;:8000,&quot;paused&quot;:true,&quot;pause_on_hover&quot;:false,&quot;swipe&quot;:true,&quot;nav_always_show_desktop&quot;:&quot;&quot;,&quot;nav_always_show_mobile&quot;:&quot;&quot;,&quot;breakpoint&quot;:&quot;780px&quot;,&quot;unmute&quot;:false,&quot;anchor&quot;:null}\"\n\t\t\t\t\t\t\t\t\t\tdata-anchor-id=\"\"\n\t\t\t\t>\t\t<li class=\"sow-slider-image  sow-slider-image-cover\" style=\"visibility: visible;;background-color: #333333\" >\n\t\t\t\t\t<div class=\"sow-slider-image-container\">\n\t\t\t<div class=\"sow-slider-image-wrapper\">\n\t\t\t\t<h1 style=\"text-align: right\"><a href=\"https:\/\/www.lindamezrova.cz\/?page_id=68\"><span style=\"color: #ffffff\">T\u00e9ma<\/span><\/a><\/h1>\n\t\t\t<\/div>\n\t\t<\/div>\n\t\t<div class=\"sow-slider-image-overlay sow-slider-image-cover\" style=\"opacity: 0.5;background-image: url(https:\/\/www.lindamezrova.cz\/wp-content\/uploads\/2024\/03\/DSC_0554-1-scaled.jpg)\"  ><\/div>\t\t<\/li>\n\t\t<\/ul>\t\t\t\t<ol class=\"sow-slider-pagination\">\n\t\t\t\t\t\t\t\t\t\t\t<li><a href=\"#\" data-goto=\"0\" aria-label=\"display slide 1\"><\/a><\/li>\n\t\t\t\t\t\t\t\t\t<\/ol>\n\n\t\t\t\t<div class=\"sow-slide-nav sow-slide-nav-next\">\n\t\t\t\t\t<a href=\"#\" data-goto=\"next\" aria-label=\"next slide\" data-action=\"next\">\n\t\t\t\t\t\t<em class=\"sow-sld-icon-thin-right\"><\/em>\n\t\t\t\t\t<\/a>\n\t\t\t\t<\/div>\n\n\t\t\t\t<div class=\"sow-slide-nav sow-slide-nav-prev\">\n\t\t\t\t\t<a href=\"#\" data-goto=\"previous\" aria-label=\"previous slide\" data-action=\"prev\">\n\t\t\t\t\t\t<em class=\"sow-sld-icon-thin-left\"><\/em>\n\t\t\t\t\t<\/a>\n\t\t\t\t<\/div>\n\t\t\t\t<\/div><\/div><\/div><div id=\"panel-58-3-0-1\" class=\"so-panel widget widget_sow-editor panel-last-child\" data-index=\"6\" ><div\n\t\t\t\n\t\t\tclass=\"so-widget-sow-editor so-widget-sow-editor-base\"\n\t\t\t\n\t\t>\n<div class=\"siteorigin-widget-tinymce textwidget\">\n\t<p style=\"text-align: left;\">Pohyb, tak jak ho zn\u00e1me se d\u011bje v\u00a0ur\u010dit\u00e9m jevov\u00e9m prostoru a kontextu. \u010cas n\u00e1m ur\u010duje, za jak dlouho se BUDE, prostor n\u00e1m ur\u010duje KDE m\u00e1me b\u00fdt a mozek z\u00a0p\u0159edchoz\u00ed zku\u0161enosti analyzuje co se TAM bude odehr\u00e1vat.<\/p>\n<p style=\"text-align: left;\"><span style=\"color: #000000;\"><a style=\"color: #000000;\" href=\"https:\/\/www.lindamezrova.cz\/?page_id=68\"><em><strong>\u010cti v\u00edce...<\/strong><\/em><\/a><\/span><\/p>\n<\/div>\n<\/div><\/div><\/div><div id=\"pgc-58-3-1\"  class=\"panel-grid-cell\" ><div id=\"panel-58-3-1-0\" class=\"so-panel widget widget_sow-hero panel-first-child\" data-index=\"7\" ><div class=\"panel-widget-style panel-widget-style-for-58-3-1-0\" ><div\n\t\t\t\n\t\t\tclass=\"so-widget-sow-hero so-widget-sow-hero-default-ecf2bbc39b69-58 so-widget-fittext-wrapper\"\n\t\t\t data-fit-text-compressor=\"0.85\"\n\t\t>\t\t\t\t<div class=\"sow-slider-base\" style=\"display: none\" tabindex=\"0\">\n\t\t\t\t\t<ul\n\t\t\t\t\tclass=\"sow-slider-images\"\n\t\t\t\t\tdata-settings=\"{&quot;pagination&quot;:true,&quot;speed&quot;:800,&quot;timeout&quot;:8000,&quot;paused&quot;:true,&quot;pause_on_hover&quot;:false,&quot;swipe&quot;:true,&quot;nav_always_show_desktop&quot;:&quot;&quot;,&quot;nav_always_show_mobile&quot;:&quot;&quot;,&quot;breakpoint&quot;:&quot;780px&quot;,&quot;unmute&quot;:false,&quot;anchor&quot;:null}\"\n\t\t\t\t\t\t\t\t\t\tdata-anchor-id=\"\"\n\t\t\t\t>\t\t<li class=\"sow-slider-image  sow-slider-image-cover\" style=\"visibility: visible;;background-color: #333333\" >\n\t\t\t\t\t<div class=\"sow-slider-image-container\">\n\t\t\t<div class=\"sow-slider-image-wrapper\">\n\t\t\t\t<h1 style=\"text-align: right\"><a href=\"https:\/\/www.lindamezrova.cz\/?page_id=63\"><span style=\"color: #ffffff\">Laborato\u0159 pohybu<\/span><\/a><\/h1>\n\t\t\t<\/div>\n\t\t<\/div>\n\t\t<div class=\"sow-slider-image-overlay sow-slider-image-cover\" style=\"opacity: 0.5;background-image: url(https:\/\/www.lindamezrova.cz\/wp-content\/uploads\/2024\/02\/DSC_0228-1-scaled.jpg)\"  ><\/div>\t\t<\/li>\n\t\t<\/ul>\t\t\t\t<ol class=\"sow-slider-pagination\">\n\t\t\t\t\t\t\t\t\t\t\t<li><a href=\"#\" data-goto=\"0\" aria-label=\"display slide 1\"><\/a><\/li>\n\t\t\t\t\t\t\t\t\t<\/ol>\n\n\t\t\t\t<div class=\"sow-slide-nav sow-slide-nav-next\">\n\t\t\t\t\t<a href=\"#\" data-goto=\"next\" aria-label=\"next slide\" data-action=\"next\">\n\t\t\t\t\t\t<em class=\"sow-sld-icon-thin-right\"><\/em>\n\t\t\t\t\t<\/a>\n\t\t\t\t<\/div>\n\n\t\t\t\t<div class=\"sow-slide-nav sow-slide-nav-prev\">\n\t\t\t\t\t<a href=\"#\" data-goto=\"previous\" aria-label=\"previous slide\" data-action=\"prev\">\n\t\t\t\t\t\t<em class=\"sow-sld-icon-thin-left\"><\/em>\n\t\t\t\t\t<\/a>\n\t\t\t\t<\/div>\n\t\t\t\t<\/div><\/div><\/div><\/div><div id=\"panel-58-3-1-1\" class=\"so-panel widget widget_sow-editor panel-last-child\" data-index=\"8\" ><div\n\t\t\t\n\t\t\tclass=\"so-widget-sow-editor so-widget-sow-editor-base\"\n\t\t\t\n\t\t>\n<div class=\"siteorigin-widget-tinymce textwidget\">\n\t<p style=\"text-align: left;\">Ve sv\u00e9 um\u011bleck\u00e9 pr\u00e1ci jsem narazila v podstat\u011b na \u010dty\u0159i okruhy t\u00e9mat, kter\u00e1 spolu souvis\u00ed a vlastn\u011b se hodn\u011b p\u0159ekr\u00fdvaj\u00ed. Ve skute\u010dnosti ale prost\u0159ed\u00ed, ve kter\u00e9m \u017eijeme je obvykle rozd\u011bluje samostatn\u00fdmi term\u00edny. Tak, jako se v\u00fdchodn\u00ed medic\u00edna zab\u00fdv\u00e1 t\u011blem jako celek, tak pro mne jsou tyto \u010dty\u0159i pojmy sou\u010d\u00e1st\u00ed jednoho t\u011bla, jednoho procesu, jednoho propojen\u00ed t\u011blo-mysl-duch.<\/p>\n<p style=\"text-align: left;\"><span style=\"color: #000000;\"><a style=\"color: #000000;\" href=\"https:\/\/www.lindamezrova.cz\/?page_id=63\"><em><strong>\u010cti v\u00edce...<\/strong><\/em><\/a><\/span><\/p>\n<\/div>\n<\/div><\/div><\/div><div id=\"pgc-58-3-2\"  class=\"panel-grid-cell\" ><div id=\"panel-58-3-2-0\" class=\"so-panel widget widget_sow-hero panel-first-child\" data-index=\"9\" ><div\n\t\t\t\n\t\t\tclass=\"so-widget-sow-hero so-widget-sow-hero-default-ecf2bbc39b69-58 so-widget-fittext-wrapper\"\n\t\t\t data-fit-text-compressor=\"0.85\"\n\t\t>\t\t\t\t<div class=\"sow-slider-base\" style=\"display: none\" tabindex=\"0\">\n\t\t\t\t\t<ul\n\t\t\t\t\tclass=\"sow-slider-images\"\n\t\t\t\t\tdata-settings=\"{&quot;pagination&quot;:true,&quot;speed&quot;:800,&quot;timeout&quot;:8000,&quot;paused&quot;:true,&quot;pause_on_hover&quot;:false,&quot;swipe&quot;:true,&quot;nav_always_show_desktop&quot;:&quot;&quot;,&quot;nav_always_show_mobile&quot;:&quot;&quot;,&quot;breakpoint&quot;:&quot;780px&quot;,&quot;unmute&quot;:false,&quot;anchor&quot;:null}\"\n\t\t\t\t\t\t\t\t\t\tdata-anchor-id=\"\"\n\t\t\t\t>\t\t<li class=\"sow-slider-image  sow-slider-image-cover\" style=\"visibility: visible;;background-color: #333333\" >\n\t\t\t\t\t<div class=\"sow-slider-image-container\">\n\t\t\t<div class=\"sow-slider-image-wrapper\">\n\t\t\t\t<h1 style=\"text-align: right\"><a href=\"https:\/\/www.lindamezrova.cz\/?page_id=70\"><span style=\"color: #ffffff\">Kam jdu<\/span><\/a><\/h1>\n\t\t\t<\/div>\n\t\t<\/div>\n\t\t<div class=\"sow-slider-image-overlay sow-slider-image-cover\" style=\"opacity: 0.5;background-image: url(https:\/\/www.lindamezrova.cz\/wp-content\/uploads\/2024\/03\/DSC_0222_upraveno-scaled.jpg)\"  ><\/div>\t\t<\/li>\n\t\t<\/ul>\t\t\t\t<ol class=\"sow-slider-pagination\">\n\t\t\t\t\t\t\t\t\t\t\t<li><a href=\"#\" data-goto=\"0\" aria-label=\"display slide 1\"><\/a><\/li>\n\t\t\t\t\t\t\t\t\t<\/ol>\n\n\t\t\t\t<div class=\"sow-slide-nav sow-slide-nav-next\">\n\t\t\t\t\t<a href=\"#\" data-goto=\"next\" aria-label=\"next slide\" data-action=\"next\">\n\t\t\t\t\t\t<em class=\"sow-sld-icon-thin-right\"><\/em>\n\t\t\t\t\t<\/a>\n\t\t\t\t<\/div>\n\n\t\t\t\t<div class=\"sow-slide-nav sow-slide-nav-prev\">\n\t\t\t\t\t<a href=\"#\" data-goto=\"previous\" aria-label=\"previous slide\" data-action=\"prev\">\n\t\t\t\t\t\t<em class=\"sow-sld-icon-thin-left\"><\/em>\n\t\t\t\t\t<\/a>\n\t\t\t\t<\/div>\n\t\t\t\t<\/div><\/div><\/div><div id=\"panel-58-3-2-1\" class=\"so-panel widget widget_sow-editor panel-last-child\" data-index=\"10\" ><div\n\t\t\t\n\t\t\tclass=\"so-widget-sow-editor so-widget-sow-editor-base\"\n\t\t\t\n\t\t>\n<div class=\"siteorigin-widget-tinymce textwidget\">\n\t<p><em>\u201eVych\u00e1z\u00edm z\u00a0p\u0159edpokladu, \u017ee pohyb je hybn\u00e1 s\u00edla \u017eivota. Po energetick\u00e9 str\u00e1nce posouv\u00e1 my\u0161lenky a my\u0161lenkov\u00e9 vzorce, po fyzick\u00e9 str\u00e1nce posouv\u00e1 cel\u00e1 t\u011bla a jejich schopnosti. \u201e<\/em><\/p>\n<p style=\"text-align: left;\"><span style=\"color: #000000;\"><a style=\"color: #000000;\" href=\"https:\/\/www.lindamezrova.cz\/?page_id=70\"><em><strong>\u010cti v\u00edce...<\/strong><\/em><\/a><\/span><\/p>\n<\/div>\n<\/div><\/div><\/div><\/div><\/div>","protected":false},"excerpt":{"rendered":"<p>Linda Hampl Mezrov\u00e1 vystudovala obor Performance &amp; Social Sculpture (MA) a Historii um\u011bn\u00ed (BA) na dvou presti\u017en\u00edch univerzit\u00e1ch v Oxfordu. Jako performerka-tane\u010dnice se pod\u00edlela na pohybov\u011b-tane\u010dn\u00edch projektech p\u00edseck\u00e9 Sladovny a v minul\u00e9m roce i festivalu Ji\u017en\u00ed Sv\u00e9r\u00e1z v \u010cesk\u00fdch Bud\u011bjovic\u00edch. Do lo\u0148sk\u00e9ho roku ve Sladovn\u011b p\u016fsobila i jako kur\u00e1torka sou\u010dasn\u00e9ho um\u011bn\u00ed. V r\u00e1mci neust\u00e1l\u00e9 chuti&hellip;<\/p>\n","protected":false},"author":1,"featured_media":0,"parent":0,"menu_order":0,"comment_status":"closed","ping_status":"closed","template":"","meta":{"_acf_changed":false,"footnotes":""},"class_list":["post-58","page","type-page","status-publish","hentry","description-off"],"acf":[],"_links":{"self":[{"href":"https:\/\/www.lindamezrova.cz\/index.php?rest_route=\/wp\/v2\/pages\/58","targetHints":{"allow":["GET"]}}],"collection":[{"href":"https:\/\/www.lindamezrova.cz\/index.php?rest_route=\/wp\/v2\/pages"}],"about":[{"href":"https:\/\/www.lindamezrova.cz\/index.php?rest_route=\/wp\/v2\/types\/page"}],"author":[{"embeddable":true,"href":"https:\/\/www.lindamezrova.cz\/index.php?rest_route=\/wp\/v2\/users\/1"}],"replies":[{"embeddable":true,"href":"https:\/\/www.lindamezrova.cz\/index.php?rest_route=%2Fwp%2Fv2%2Fcomments&post=58"}],"version-history":[{"count":122,"href":"https:\/\/www.lindamezrova.cz\/index.php?rest_route=\/wp\/v2\/pages\/58\/revisions"}],"predecessor-version":[{"id":2786,"href":"https:\/\/www.lindamezrova.cz\/index.php?rest_route=\/wp\/v2\/pages\/58\/revisions\/2786"}],"wp:attachment":[{"href":"https:\/\/www.lindamezrova.cz\/index.php?rest_route=%2Fwp%2Fv2%2Fmedia&parent=58"}],"curies":[{"name":"wp","href":"https:\/\/api.w.org\/{rel}","templated":true}]}}