{"id":68,"date":"2024-02-19T16:53:04","date_gmt":"2024-02-19T16:53:04","guid":{"rendered":"https:\/\/www.lindamezrova.cz\/?page_id=68"},"modified":"2024-03-23T14:45:42","modified_gmt":"2024-03-23T14:45:42","slug":"co-delam-jinak","status":"publish","type":"page","link":"https:\/\/www.lindamezrova.cz\/?page_id=68","title":{"rendered":"T\u00e9ma"},"content":{"rendered":"<div id=\"pl-68\"  class=\"panel-layout\" ><div id=\"pg-68-0\"  class=\"panel-grid panel-has-style\" ><div class=\"siteorigin-panels-stretch panel-row-style panel-row-style-for-68-0\" data-stretch-type=\"full-width-stretch\" ><div id=\"pgc-68-0-0\"  class=\"panel-grid-cell\" ><div id=\"panel-68-0-0-0\" class=\"so-panel widget widget_sow-hero panel-first-child panel-last-child\" data-index=\"0\" ><div\n\t\t\t\n\t\t\tclass=\"so-widget-sow-hero so-widget-sow-hero-default-bfff874009b6-68 so-widget-fittext-wrapper\"\n\t\t\t data-fit-text-compressor=\"0.85\"\n\t\t>\t\t\t\t<div class=\"sow-slider-base\" style=\"display: none\" tabindex=\"0\">\n\t\t\t\t\t<ul\n\t\t\t\t\tclass=\"sow-slider-images\"\n\t\t\t\t\tdata-settings=\"{&quot;pagination&quot;:true,&quot;speed&quot;:800,&quot;timeout&quot;:8000,&quot;paused&quot;:false,&quot;pause_on_hover&quot;:false,&quot;swipe&quot;:true,&quot;nav_always_show_desktop&quot;:&quot;&quot;,&quot;nav_always_show_mobile&quot;:&quot;&quot;,&quot;breakpoint&quot;:&quot;780px&quot;,&quot;unmute&quot;:false,&quot;anchor&quot;:null}\"\n\t\t\t\t\tstyle=\"min-height: 455px\"\t\t\t\t\tdata-anchor-id=\"\"\n\t\t\t\t>\t\t<li class=\"sow-slider-image  sow-slider-image-cover\" style=\"visibility: visible;;background-color: #333333\" >\n\t\t\t\t\t<div class=\"sow-slider-image-container\">\n\t\t\t<div class=\"sow-slider-image-wrapper\">\n\t\t\t\t\t\t\t<\/div>\n\t\t<\/div>\n\t\t<div class=\"sow-slider-image-overlay sow-slider-image-cover\" style=\"opacity: 0.6;background-image: url(https:\/\/www.lindamezrova.cz\/wp-content\/uploads\/2024\/03\/cropped-DSC_0587-scaled-1.jpg)\"  ><\/div>\t\t<\/li>\n\t\t<\/ul>\t\t\t\t<ol class=\"sow-slider-pagination\">\n\t\t\t\t\t\t\t\t\t\t\t<li><a href=\"#\" data-goto=\"0\" aria-label=\"display slide 1\"><\/a><\/li>\n\t\t\t\t\t\t\t\t\t<\/ol>\n\n\t\t\t\t<div class=\"sow-slide-nav sow-slide-nav-next\">\n\t\t\t\t\t<a href=\"#\" data-goto=\"next\" aria-label=\"next slide\" data-action=\"next\">\n\t\t\t\t\t\t<em class=\"sow-sld-icon-thin-right\"><\/em>\n\t\t\t\t\t<\/a>\n\t\t\t\t<\/div>\n\n\t\t\t\t<div class=\"sow-slide-nav sow-slide-nav-prev\">\n\t\t\t\t\t<a href=\"#\" data-goto=\"previous\" aria-label=\"previous slide\" data-action=\"prev\">\n\t\t\t\t\t\t<em class=\"sow-sld-icon-thin-left\"><\/em>\n\t\t\t\t\t<\/a>\n\t\t\t\t<\/div>\n\t\t\t\t<\/div><\/div><\/div><\/div><\/div><\/div><div id=\"pg-68-1\"  class=\"panel-grid panel-no-style\" ><div id=\"pgc-68-1-0\"  class=\"panel-grid-cell panel-grid-cell-empty\" ><\/div><\/div><div id=\"pg-68-2\"  class=\"panel-grid panel-no-style\" ><div id=\"pgc-68-2-0\"  class=\"panel-grid-cell\" ><div id=\"panel-68-2-0-0\" class=\"so-panel widget widget_sow-editor panel-first-child panel-last-child\" data-index=\"1\" ><div\n\t\t\t\n\t\t\tclass=\"so-widget-sow-editor so-widget-sow-editor-base\"\n\t\t\t\n\t\t>\n<div class=\"siteorigin-widget-tinymce textwidget\">\n\t<p>&nbsp;<\/p>\n<p>Pohyb, tak jak ho zn\u00e1me se d\u011bje v\u00a0ur\u010dit\u00e9m jevov\u00e9m prostoru a kontextu. \u010cas n\u00e1m ur\u010duje, za jak dlouho se BUDE, prostor n\u00e1m ur\u010duje KDE m\u00e1me b\u00fdt a mozek z\u00a0p\u0159edchoz\u00ed zku\u0161enosti analyzuje co se TAM bude odehr\u00e1vat. V\u011bt\u0161ina kon\u00e1n\u00ed pro na\u0161e t\u011blo se odehr\u00e1v\u00e1 v\u00a0budoucnosti, v\u00a0p\u0159\u00edprav\u011b a p\u0159edstav\u011b. M\u016f\u017eeme \u0159\u00edct, \u017ee v\u00a0my\u0161lenk\u00e1ch je obsa\u017een prost\u0159edek, jak se dobrat k\u00a0pohybu samotn\u00e9mu. Kdy\u017e to dovedeme do extr\u00e9mu, tak se vlastn\u011b v\u011bt\u0161inu \u010dasu pohybujeme v\u00a0my\u0161lenk\u00e1ch o pohybu ne\u017e v pohybu samotn\u00e9m. T\u011blo m\u00e1 tak mo\u017enost neust\u00e1l\u00e9ho cyklen\u00ed a vytv\u00e1\u0159en\u00ed p\u0159edstav a domn\u011bnek, kter\u00e9 nemus\u00ed nikdy skon\u010dit. Cyklen\u00ed kon\u010d\u00ed v\u017edy v\u00a0momentu, kdy t\u011blo uvedeme do pohybu a miz\u00ed strach z\u00a0budouc\u00edho nezn\u00e1m\u00e9ho a je tu akce, spojen\u00e1 s\u00a0p\u0159\u00edtomnost\u00ed, s\u00a0pohybem, tancem a s\u00a0produkc\u00ed hormon\u016f, kter\u00e9 jsou pro chu\u0165 \u017e\u00edt nezbytn\u00e9.<\/p>\n<p>Proces hled\u00e1n\u00ed propojen\u00ed mezi pohybem a tancem mne nep\u0159est\u00e1v\u00e1 fascinovat. Existuje nep\u0159ebern\u00e9 mno\u017estv\u00ed p\u0159\u00edstup\u016f a princip\u016f, podle kter\u00fdch lze pracovat s\u00a0mysl\u00ed a t\u011blem. N\u011bkter\u00e9 n\u00e1m umo\u017e\u0148uj\u00ed n\u00e1vrat do dob, kdy jsme byli d\u011bti a byl \u010das si hr\u00e1t a my jsme si, z\u00a0rozli\u010dn\u00fdch d\u016fvod\u016f, hr\u00e1t p\u0159estali. Jin\u00e9 n\u00e1m d\u00e1vaj\u00ed jasn\u00fd pohybov\u00fd r\u00e1mec pln\u00fd p\u0159esn\u00fdch a dokonal\u00fdch pohyb\u016f pln\u00fdch elegance a lehkosti. Naslouch\u00e1n\u00edm sv\u00e9mu t\u011blu a jeho pot\u0159eb\u00e1m m\u016f\u017eeme v\u00a0r\u00e1mci jak\u00e9hokoliv p\u0159\u00edstupu nal\u00e9zt pohyb, kter\u00fd vypln\u00ed na\u0161e p\u0159edstavy.\u00a0 D\u016fle\u017eit\u00e9 je h\u00fdbat se jinak, ne\u017e st\u00e1le v\u00a0jevov\u00e9m prostoru a kontextu.<\/p>\n<p><strong>JAK<em>?<\/em><\/strong><\/p>\n<p>Opakovan\u011b se vrac\u00edm k t\u011blu, opakovan\u011b m\u011bn\u00edm ka\u017edodenn\u00ed jednotlivosti. Pozorov\u00e1n\u00edm jevov\u00e9ho pohybu se dost\u00e1v\u00e1m do kontaktu s\u00a0ur\u010dit\u00fdmi \u010d\u00e1stmi m\u00e9ho t\u011bla a opakovan\u011b se je u\u010d\u00edm p\u0159ij\u00edmat a z\u00e1rove\u0148 se u\u010d\u00edm p\u0159ij\u00edmat tu jevovou a kontextovou kvalitu sv\u00e9ho pohybu. Pro\u010d to, co d\u011bl\u00e1m, d\u011bl\u00e1m tak, jak to d\u011bl\u00e1m?<\/p>\n<p>\u010casem se k\u00a0tomuto procesu p\u0159ipojil pocit, \u017ee l\u00e9pe zvl\u00e1d\u00e1m projevy sv\u00fdch emoc\u00ed a ch\u00e1pu emo\u010dn\u00ed projevy druh\u00fdch jako projevy jejich t\u011blesn\u00e9ho nepohodl\u00ed. Zji\u0161\u0165uji, \u017ee uvoln\u011bn\u00edm sv\u00e9ho t\u011bla mohu nejen p\u0159isp\u011bt k\u00a0dobr\u00e9mu pocitu ze sv\u00e9ho byt\u00ed, ale i z\u00a0\u010dinnost\u00ed, kter\u00e9 mi d\u011blaly jako povinnosti probl\u00e9m jsou r\u00e1zem pohybov\u00e9 podn\u011bty pln\u00e9 energie a hry.<\/p>\n<\/div>\n<\/div><\/div><\/div><\/div><\/div>","protected":false},"excerpt":{"rendered":"<p>&nbsp; Pohyb, tak jak ho zn\u00e1me se d\u011bje v\u00a0ur\u010dit\u00e9m jevov\u00e9m prostoru a kontextu. \u010cas n\u00e1m ur\u010duje, za jak dlouho se BUDE, prostor n\u00e1m ur\u010duje KDE m\u00e1me b\u00fdt a mozek z\u00a0p\u0159edchoz\u00ed zku\u0161enosti analyzuje co se TAM bude odehr\u00e1vat. V\u011bt\u0161ina kon\u00e1n\u00ed pro na\u0161e t\u011blo se odehr\u00e1v\u00e1 v\u00a0budoucnosti, v\u00a0p\u0159\u00edprav\u011b a p\u0159edstav\u011b. M\u016f\u017eeme \u0159\u00edct, \u017ee v\u00a0my\u0161lenk\u00e1ch je obsa\u017een prost\u0159edek,&hellip;<\/p>\n","protected":false},"author":1,"featured_media":0,"parent":0,"menu_order":0,"comment_status":"closed","ping_status":"closed","template":"","meta":{"_acf_changed":false,"footnotes":""},"class_list":["post-68","page","type-page","status-publish","hentry","description-off"],"acf":[],"_links":{"self":[{"href":"https:\/\/www.lindamezrova.cz\/index.php?rest_route=\/wp\/v2\/pages\/68","targetHints":{"allow":["GET"]}}],"collection":[{"href":"https:\/\/www.lindamezrova.cz\/index.php?rest_route=\/wp\/v2\/pages"}],"about":[{"href":"https:\/\/www.lindamezrova.cz\/index.php?rest_route=\/wp\/v2\/types\/page"}],"author":[{"embeddable":true,"href":"https:\/\/www.lindamezrova.cz\/index.php?rest_route=\/wp\/v2\/users\/1"}],"replies":[{"embeddable":true,"href":"https:\/\/www.lindamezrova.cz\/index.php?rest_route=%2Fwp%2Fv2%2Fcomments&post=68"}],"version-history":[{"count":17,"href":"https:\/\/www.lindamezrova.cz\/index.php?rest_route=\/wp\/v2\/pages\/68\/revisions"}],"predecessor-version":[{"id":2685,"href":"https:\/\/www.lindamezrova.cz\/index.php?rest_route=\/wp\/v2\/pages\/68\/revisions\/2685"}],"wp:attachment":[{"href":"https:\/\/www.lindamezrova.cz\/index.php?rest_route=%2Fwp%2Fv2%2Fmedia&parent=68"}],"curies":[{"name":"wp","href":"https:\/\/api.w.org\/{rel}","templated":true}]}}